{"id":35,"date":"2022-05-07T08:08:51","date_gmt":"2022-05-07T08:08:51","guid":{"rendered":"https:\/\/martin.sueandjoe.ch\/?page_id=35"},"modified":"2025-06-22T07:12:20","modified_gmt":"2025-06-22T07:12:20","slug":"leitung","status":"publish","type":"page","link":"https:\/\/staging.kinderjodelchoerli.ch\/index.php\/leitung\/","title":{"rendered":"Wer steht vor und hinter der B\u00fchne&#8230;"},"content":{"rendered":"\n<div class=\"wp-block-columns is-layout-flex wp-container-core-columns-is-layout-9d6595d7 wp-block-columns-is-layout-flex\">\n<div class=\"wp-block-column is-layout-flow wp-block-column-is-layout-flow\" style=\"flex-basis:33.33%\">\n<p class=\"has-text-align-center has-text-color has-medium-font-size\" style=\"color:#693a1e\"><strong><mark style=\"background-color:rgba(0, 0, 0, 0);color:#0693f7\" class=\"has-inline-color\">Stefan Segm\u00fcller<\/mark><\/strong><\/p>\n\n\n\n<figure class=\"wp-block-image size-full\"><img loading=\"lazy\" decoding=\"async\" width=\"600\" height=\"900\" src=\"https:\/\/staging.kinderjodelchoerli.ch\/wp-content\/uploads\/2022\/05\/Stefan.jpg\" alt=\"\" class=\"wp-image-166\" srcset=\"https:\/\/staging.kinderjodelchoerli.ch\/wp-content\/uploads\/2022\/05\/Stefan.jpg 600w, https:\/\/staging.kinderjodelchoerli.ch\/wp-content\/uploads\/2022\/05\/Stefan-200x300.jpg 200w\" sizes=\"auto, (max-width: 600px) 100vw, 600px\" \/><\/figure>\n<\/div>\n\n\n\n<div class=\"wp-block-column is-layout-flow wp-block-column-is-layout-flow\" style=\"flex-basis:66.66%\">\n<p style=\"font-size:15px\">Kirchberg, verheiratet<br>Vater von 3 Kindern (97, 98, 01)<br><br><strong>Hobbys:<\/strong><br>Singen, Skifahren<br><br><strong>Ausbildungen:<\/strong><br>Dirigentenkurs im NOSJV 1999\/2000<br>Kursleiterausbildung EJV 2004\/2006<br><br><strong>Dirigent:<\/strong><br>Kinderjodelch\u00f6rli Mosnang seit 1997<br>Jodelch\u00f6rli Heimetfreud Mosnang 1999-2008<br>Jodelclub Kirchberg &#8211; Bazenheid seit 2008<br><br>Kursleiter und Jodellehrer des NOSJV seit 2005\/06<br>Obmann der Kinderch\u00f6re des NOSJV 2006-2012<br>Mitglied Fachkomission Nachwuchs des EJV 2007-2012<\/p>\n<\/div>\n<\/div>\n\n\n\n<hr class=\"wp-block-separator has-css-opacity aligncenter\"\/>\n\n\n\n<div style=\"height:15px\" aria-hidden=\"true\" class=\"wp-block-spacer\"><\/div>\n\n\n\n<div class=\"wp-block-columns is-layout-flex wp-container-core-columns-is-layout-9d6595d7 wp-block-columns-is-layout-flex\">\n<div class=\"wp-block-column is-layout-flow wp-block-column-is-layout-flow\" style=\"flex-basis:33.33%\">\n<p class=\"has-text-align-center has-medium-font-size\"><strong><mark style=\"background-color:rgba(0, 0, 0, 0);color:#cc0000\" class=\"has-inline-color\">Jolanda Segm\u00fcller<\/mark><\/strong><\/p>\n\n\n\n<figure class=\"wp-block-image size-full\"><img loading=\"lazy\" decoding=\"async\" width=\"600\" height=\"900\" src=\"https:\/\/staging.kinderjodelchoerli.ch\/wp-content\/uploads\/2022\/05\/Jolanda.jpg\" alt=\"\" class=\"wp-image-168\" srcset=\"https:\/\/staging.kinderjodelchoerli.ch\/wp-content\/uploads\/2022\/05\/Jolanda.jpg 600w, https:\/\/staging.kinderjodelchoerli.ch\/wp-content\/uploads\/2022\/05\/Jolanda-200x300.jpg 200w\" sizes=\"auto, (max-width: 600px) 100vw, 600px\" \/><\/figure>\n<\/div>\n\n\n\n<div class=\"wp-block-column is-layout-flow wp-block-column-is-layout-flow\" style=\"flex-basis:66.66%\">\n<p style=\"font-size:15px\">Kirchberg, verheiratet<br>Mutter von 3 Kindern (97, 98, 01)<br><br><strong>Aufgaben:<\/strong><br>\u00abCh\u00f6rlimami\u00bb<br>\u00fcbernimmt das Administrative<br>sorgt f\u00fcr&#8217;s Auge, Gem\u00fct und das Leibliche Wohl<\/p>\n<\/div>\n<\/div>\n\n\n\n<hr class=\"wp-block-separator has-css-opacity aligncenter\"\/>\n\n\n\n<div style=\"height:15px\" aria-hidden=\"true\" class=\"wp-block-spacer\"><\/div>\n\n\n\n<div class=\"wp-block-columns is-layout-flex wp-container-core-columns-is-layout-9d6595d7 wp-block-columns-is-layout-flex\">\n<div class=\"wp-block-column is-layout-flow wp-block-column-is-layout-flow\" style=\"flex-basis:33.33%\">\n<p class=\"has-text-align-center has-medium-font-size\"><strong><mark style=\"background-color:rgba(0, 0, 0, 0)\" class=\"has-inline-color has-vivid-cyan-blue-color\">Lorena Wagner-Segm\u00fcller<\/mark><\/strong><\/p>\n\n\n\n<figure class=\"wp-block-image size-full\"><img loading=\"lazy\" decoding=\"async\" width=\"600\" height=\"900\" src=\"https:\/\/staging.kinderjodelchoerli.ch\/wp-content\/uploads\/2022\/05\/Lorena.jpg\" alt=\"\" class=\"wp-image-170\" srcset=\"https:\/\/staging.kinderjodelchoerli.ch\/wp-content\/uploads\/2022\/05\/Lorena.jpg 600w, https:\/\/staging.kinderjodelchoerli.ch\/wp-content\/uploads\/2022\/05\/Lorena-200x300.jpg 200w\" sizes=\"auto, (max-width: 600px) 100vw, 600px\" \/><\/figure>\n<\/div>\n\n\n\n<div class=\"wp-block-column is-layout-flow wp-block-column-is-layout-flow\" style=\"flex-basis:66.66%\">\n<p style=\"font-size:15px\">Schmidberg Ulisbach, verheiratet<br>Mutter von 2 Kindern (22, 24)<br><br><strong>Aufgaben:<\/strong><br>Unterst\u00fctzung \u00abwenn de Papi k\u00e4 Zyt het\u00bb<\/p>\n<\/div>\n<\/div>\n","protected":false},"excerpt":{"rendered":"<p>Stefan Segm\u00fcller Kirchberg, verheiratetVater von 3 Kindern (97, 98, 01) Hobbys:Singen, Skifahren Ausbildungen:Dirigentenkurs im NOSJV 1999\/2000Kursleiterausbildung EJV 2004\/2006 Dirigent:Kinderjodelch\u00f6rli Mosnang seit 1997Jodelch\u00f6rli Heimetfreud Mosnang 1999-2008Jodelclub Kirchberg &#8211; Bazenheid seit 2008 Kursleiter und Jodellehrer des NOSJV seit 2005\/06Obmann der Kinderch\u00f6re des NOSJV 2006-2012Mitglied Fachkomission Nachwuchs des EJV 2007-2012 Jolanda Segm\u00fcller Kirchberg, verheiratetMutter von 3 Kindern&#8230;<\/p>\n<p class=\"read-more\"><a class=\"btn btn-default\" href=\"https:\/\/staging.kinderjodelchoerli.ch\/index.php\/leitung\/\"> Read More<span class=\"screen-reader-text\">  Read More<\/span><\/a><\/p>\n","protected":false},"author":1,"featured_media":0,"parent":0,"menu_order":60,"comment_status":"closed","ping_status":"closed","template":"","meta":{"footnotes":""},"class_list":["post-35","page","type-page","status-publish","hentry"],"featured_image_src":null,"_links":{"self":[{"href":"https:\/\/staging.kinderjodelchoerli.ch\/index.php\/wp-json\/wp\/v2\/pages\/35","targetHints":{"allow":["GET"]}}],"collection":[{"href":"https:\/\/staging.kinderjodelchoerli.ch\/index.php\/wp-json\/wp\/v2\/pages"}],"about":[{"href":"https:\/\/staging.kinderjodelchoerli.ch\/index.php\/wp-json\/wp\/v2\/types\/page"}],"author":[{"embeddable":true,"href":"https:\/\/staging.kinderjodelchoerli.ch\/index.php\/wp-json\/wp\/v2\/users\/1"}],"replies":[{"embeddable":true,"href":"https:\/\/staging.kinderjodelchoerli.ch\/index.php\/wp-json\/wp\/v2\/comments?post=35"}],"version-history":[{"count":21,"href":"https:\/\/staging.kinderjodelchoerli.ch\/index.php\/wp-json\/wp\/v2\/pages\/35\/revisions"}],"predecessor-version":[{"id":2727,"href":"https:\/\/staging.kinderjodelchoerli.ch\/index.php\/wp-json\/wp\/v2\/pages\/35\/revisions\/2727"}],"wp:attachment":[{"href":"https:\/\/staging.kinderjodelchoerli.ch\/index.php\/wp-json\/wp\/v2\/media?parent=35"}],"curies":[{"name":"wp","href":"https:\/\/api.w.org\/{rel}","templated":true}]}}